{"id":2082,"date":"2024-10-01T14:09:11","date_gmt":"2024-10-01T12:09:11","guid":{"rendered":"https:\/\/www.gruenenachfolge.ch\/impressum"},"modified":"2025-12-05T15:59:54","modified_gmt":"2025-12-05T14:59:54","slug":"impressum","status":"publish","type":"page","link":"https:\/\/www.gruenenachfolge.ch\/it\/impressum","title":{"rendered":"Impressum"},"content":{"rendered":"\t\t<div data-elementor-type=\"wp-page\" data-elementor-id=\"2082\" class=\"elementor elementor-2082 elementor-8\" data-elementor-post-type=\"page\">\n\t\t\t\t<div class=\"elementor-element elementor-element-4be5bb1 e-flex e-con-boxed e-con e-parent\" data-id=\"4be5bb1\" data-element_type=\"container\" data-e-type=\"container\" data-settings=\"{&quot;background_background&quot;:&quot;classic&quot;}\">\n\t\t\t\t\t<div class=\"e-con-inner\">\n\t\t<div class=\"elementor-element elementor-element-82b2e8f e-con-full e-flex e-con e-child\" data-id=\"82b2e8f\" data-element_type=\"container\" data-e-type=\"container\">\n\t\t\t\t<div class=\"elementor-element elementor-element-5b42bd2 elementor-widget elementor-widget-text-editor\" data-id=\"5b42bd2\" data-element_type=\"widget\" data-e-type=\"widget\" data-widget_type=\"text-editor.default\">\n\t\t\t\t<div class=\"elementor-widget-container\">\n\t\t\t\t\t\t\t\t\t<h1>Impressum<\/h1>\t\t\t\t\t\t\t\t<\/div>\n\t\t\t\t<\/div>\n\t\t\t\t<div class=\"elementor-element elementor-element-1bdda38 elementor-widget elementor-widget-text-editor\" data-id=\"1bdda38\" data-element_type=\"widget\" data-e-type=\"widget\" data-widget_type=\"text-editor.default\">\n\t\t\t\t<div class=\"elementor-widget-container\">\n\t\t\t\t\t\t\t\t\t<p><strong>Responsabile del contenuto<\/strong><br \/>Sch\u00f6pfer und Frei GmbH<br \/>Dorfstrasse 38<br \/>5040 Sch\u00f6ftland<\/p><p><strong>Contatto<br \/><\/strong>m&#97;&#x69;&#x6c;&#64;&#103;&#x72;&#x75;e&#110;&#101;&#x6e;&#x61;c&#104;&#x66;&#x6f;l&#103;&#x65;&#x2e;c&#104;<\/p><p><strong>Crediti fotografici<\/strong><br \/>Homepage \u2013 Foto di <a href=\"https:\/\/unsplash.com\/de\/@annanes?utm_source=unsplash&amp;utm_medium=referral&amp;utm_content=creditCopyText\">Ann Ann<\/a> su <a href=\"https:\/\/unsplash.com\/de\/fotos\/eine-einzelne-grune-pflanze-mit-verschwommenem-hintergrund-hBZH5UJ4LVY?utm_source=unsplash&amp;utm_medium=referral&amp;utm_content=creditCopyText\">Unsplash<\/a><br \/>Informazioni sulla successione \u2013 Foto di <a href=\"https:\/\/unsplash.com\/de\/@jruscello?utm_source=unsplash&amp;utm_medium=referral&amp;utm_content=creditCopyText\">Jessica Ruscello<\/a> su <a href=\"https:\/\/unsplash.com\/de\/fotos\/sortiertes-buchlos-OQSCtabGkSY?utm_source=unsplash&amp;utm_medium=referral&amp;utm_content=creditCopyText\">Unsplash<\/a><br \/>Processo di successione \u2013 Foto di EmPics \/ Adobe Stock<br \/>Valutazione dell\u2019azienda \u2013 Foto di vegefox.com \/ Adobe Stock<br \/>Documentazione per la valutazione dell\u2019azienda \u2013 Foto di ghazii \/ Adobe Stock<br \/>Forme di successione aziendale \u2013 Foto di stockpics \/ Adobe Stock<br \/>Finanziamento della successione aziendale \u2013 Foto di lovelyday12 \/ Adobe Stock<br \/>A seconda dell\u2019annuncio pubblicato, le seguenti foto sono visibili online o meno:<br \/>Annunci categoria giardinaggio \u2013 Foto di leszekglasner \/ Adobe Stock e foto di Carbonero Stock \/ Adobe Stock<br \/>Annunci categoria produzione di piante \/ piante erbacee perenni \u2013 Foto di barbara buderath \/ Adobe Stock<br \/>Annunci categoria arte floreale \u2013 Foto di Popelniushka \/ Adobe Stock<br \/>Annunci categoria negozio di giardinaggio al dettaglio \u2013 Foto di sunshinemother \/ Adobe Stock<br \/>Annunci categoria vivai \u2013 Foto di Ruud Morijn \/ Adobe Stock<br \/>Annunci categoria centro di giardinaggio \u2013 Foto di Mariguita vector \/ Adobe Stock<\/p><p><strong>Webdesign<\/strong><br \/>Beatrice Graf | Beagrafika<br \/><a class=\"link-darkgrey\" href=\"http:\/\/www.beagrafika.ch\" target=\"_blank\" rel=\"noopener\">www.beagrafika.ch<\/a><\/p>\t\t\t\t\t\t\t\t<\/div>\n\t\t\t\t<\/div>\n\t\t\t\t<\/div>\n\t\t\t\t\t<\/div>\n\t\t\t\t<\/div>\n\t\t<div class=\"elementor-element elementor-element-55273c3 e-flex e-con-boxed e-con e-parent\" data-id=\"55273c3\" data-element_type=\"container\" data-e-type=\"container\" data-settings=\"{&quot;background_background&quot;:&quot;classic&quot;}\">\n\t\t\t\t\t<div class=\"e-con-inner\">\n\t\t<div class=\"elementor-element elementor-element-6b743ed e-con-full e-flex e-con e-child\" data-id=\"6b743ed\" data-element_type=\"container\" data-e-type=\"container\">\n\t\t\t\t<div class=\"elementor-element elementor-element-69d054a elementor-widget elementor-widget-text-editor\" data-id=\"69d054a\" data-element_type=\"widget\" data-e-type=\"widget\" data-widget_type=\"text-editor.default\">\n\t\t\t\t<div class=\"elementor-widget-container\">\n\t\t\t\t\t\t\t\t\t<h2>Esclusione di responsabilit\u00e0 \u2013<br \/>Note legali<\/h2>\t\t\t\t\t\t\t\t<\/div>\n\t\t\t\t<\/div>\n\t\t\t\t<div class=\"elementor-element elementor-element-3459066 elementor-widget elementor-widget-text-editor\" data-id=\"3459066\" data-element_type=\"widget\" data-e-type=\"widget\" data-widget_type=\"text-editor.default\">\n\t\t\t\t<div class=\"elementor-widget-container\">\n\t\t\t\t\t\t\t\t\t<h3>Responsabilit\u00e0 sui contenuti<\/h3><p>In qualit\u00e0 di fornitori di servizi, siamo responsabili dei contenuti presenti su queste pagine in base alle leggi generali. In qualit\u00e0 di fornitori di servizi, tuttavia, non siamo obbligati a monitorare le informazioni esterne trasmesse o memorizzate n\u00e9 a indagare su circostanze che indichino attivit\u00e0 illegali.<\/p><p>Gli obblighi di rimuovere o bloccare l\u2019uso delle informazioni secondo le leggi generali rimangono invariati. In questo caso, la responsabilit\u00e0 \u00e8 possibile solo a partire dal momento in cui si viene a conoscenza di una violazione concreta della legge. Qualora venissimo a conoscenza di violazioni della legge, rimuoveremo immediatamente tali contenuti.<\/p>\t\t\t\t\t\t\t\t<\/div>\n\t\t\t\t<\/div>\n\t\t\t\t<div class=\"elementor-element elementor-element-40dcfa3 elementor-widget elementor-widget-text-editor\" data-id=\"40dcfa3\" data-element_type=\"widget\" data-e-type=\"widget\" data-widget_type=\"text-editor.default\">\n\t\t\t\t<div class=\"elementor-widget-container\">\n\t\t\t\t\t\t\t\t\t<h3>Responsabilit\u00e0 per i link<\/h3><p>La nostra offerta contiene link a siti web esterni di parti terze sui cui contenuti non abbiamo alcuna influenza. Pertanto non possiamo assumerci alcuna responsabilit\u00e0 su questi contenuti esterni. Il contenuto delle pagine collegate \u00e8 sempre di responsabilit\u00e0 del rispettivo fornitore o gestore delle pagine. Le pagine collegate sono state controllate al momento della creazione del collegamento per verificare eventuali violazioni della legge. Al momento della creazione del link non erano riconoscibili contenuti illegali.<\/p><p>Tuttavia, non \u00e8 ragionevole effettuare un controllo permanente dei contenuti delle pagine collegate senza indicazioni concrete di una violazione della legge. Qualora venissimo a conoscenza di violazioni della legge, rimuoveremo immediatamente tali link.<\/p>\t\t\t\t\t\t\t\t<\/div>\n\t\t\t\t<\/div>\n\t\t\t\t<div class=\"elementor-element elementor-element-d78df34 elementor-widget elementor-widget-text-editor\" data-id=\"d78df34\" data-element_type=\"widget\" data-e-type=\"widget\" data-widget_type=\"text-editor.default\">\n\t\t\t\t<div class=\"elementor-widget-container\">\n\t\t\t\t\t\t\t\t\t<h3>Diritto d\u2019autore<\/h3><p>I contenuti e le opere creati dai gestori del sito su queste pagine sono protetti dal diritto d\u2019autore svizzero. La riproduzione, l\u2019elaborazione, la diffusione e qualsiasi forma di utilizzo al di fuori dei limiti del diritto d\u2019autore richiedono il consenso scritto del rispettivo autore o creatore. I download e le copie di questa pagina sono consentiti solo per uso privato e non commerciale.<\/p><p>Nella misura in cui i contenuti di questo sito non sono stati creati dal gestore, vengono rispettati i diritti d\u2019autore di terzi. In particolare, i contenuti di terzi sono contrassegnati come tali. Se doveste comunque riscontrare una violazione del diritto d\u2019autore, vi preghiamo di segnalarcelo. Qualora venissimo a conoscenza di violazioni della legge, rimuoveremo immediatamente tali contenuti.<\/p>\t\t\t\t\t\t\t\t<\/div>\n\t\t\t\t<\/div>\n\t\t\t\t<\/div>\n\t\t\t\t\t<\/div>\n\t\t\t\t<\/div>\n\t\t\t\t<\/div>\n\t\t","protected":false},"excerpt":{"rendered":"<p>Impressum Responsabile del contenutoSch\u00f6pfer und Frei GmbHDorfstrasse 385040 Sch\u00f6ftland Contatto&#109;&#x61;i&#x6c;&#x40;&#103;&#x72;u&#x65;&#x6e;&#101;&#x6e;a&#x63;&#x68;&#102;&#x6f;l&#x67;&#x65;&#46;&#x63;h Crediti fotograficiHomepage \u2013 Foto di Ann Ann su UnsplashInformazioni sulla successione \u2013 Foto di Jessica Ruscello su UnsplashProcesso di successione \u2013 Foto di EmPics \/ Adobe StockValutazione dell\u2019azienda \u2013 Foto di vegefox.com \/ Adobe StockDocumentazione per la valutazione dell\u2019azienda \u2013 <a class=\"moretag\" href=\"https:\/\/www.gruenenachfolge.ch\/it\/impressum\">read more&#8230;<\/a><\/p>\n","protected":false},"author":1,"featured_media":0,"parent":0,"menu_order":46,"comment_status":"closed","ping_status":"closed","template":"","meta":{"_acf_changed":false,"footnotes":""},"class_list":["post-2082","page","type-page","status-publish","hentry"],"acf":[],"yoast_head":"<!-- This site is optimized with the Yoast SEO plugin v27.5 - https:\/\/yoast.com\/product\/yoast-seo-wordpress\/ -->\n<title>Impressum - GRUENEnachfolge.ch<\/title>\n<meta name=\"robots\" content=\"index, follow, max-snippet:-1, max-image-preview:large, max-video-preview:-1\" \/>\n<link rel=\"canonical\" href=\"https:\/\/www.gruenenachfolge.ch\/it\/impressum\" \/>\n<meta property=\"og:locale\" content=\"it_IT\" \/>\n<meta property=\"og:type\" content=\"article\" \/>\n<meta property=\"og:title\" content=\"Impressum - GRUENEnachfolge.ch\" \/>\n<meta property=\"og:description\" content=\"Impressum Responsabile del contenutoSch\u00f6pfer und Frei GmbHDorfstrasse 385040 Sch\u00f6ftland Contatto&#x6d;a&#x69;&#108;&#x40;&#103;r&#x75;e&#x6e;&#101;&#x6e;&#097;c&#x68;&#102;&#x6f;&#108;g&#x65;&#046;&#x63;&#104; Crediti fotograficiHomepage \u2013 Foto di Ann Ann su UnsplashInformazioni sulla successione \u2013 Foto di Jessica Ruscello su UnsplashProcesso di successione \u2013 Foto di EmPics \/ Adobe StockValutazione dell\u2019azienda \u2013 Foto di vegefox.com \/ Adobe StockDocumentazione per la valutazione dell\u2019azienda \u2013 read more...\" \/>\n<meta property=\"og:url\" content=\"https:\/\/www.gruenenachfolge.ch\/it\/impressum\" \/>\n<meta property=\"og:site_name\" content=\"GRUENEnachfolge.ch\" \/>\n<meta property=\"article:modified_time\" content=\"2025-12-05T14:59:54+00:00\" \/>\n<meta name=\"twitter:card\" content=\"summary_large_image\" \/>\n<meta name=\"twitter:label1\" content=\"Tempo di lettura stimato\" \/>\n\t<meta name=\"twitter:data1\" content=\"3 minuti\" \/>\n<script type=\"application\/ld+json\" class=\"yoast-schema-graph\">{\"@context\":\"https:\\\/\\\/schema.org\",\"@graph\":[{\"@type\":\"WebPage\",\"@id\":\"https:\\\/\\\/www.gruenenachfolge.ch\\\/it\\\/impressum\",\"url\":\"https:\\\/\\\/www.gruenenachfolge.ch\\\/it\\\/impressum\",\"name\":\"Impressum - GRUENEnachfolge.ch\",\"isPartOf\":{\"@id\":\"https:\\\/\\\/www.gruenenachfolge.ch\\\/it#website\"},\"datePublished\":\"2024-10-01T12:09:11+00:00\",\"dateModified\":\"2025-12-05T14:59:54+00:00\",\"breadcrumb\":{\"@id\":\"https:\\\/\\\/www.gruenenachfolge.ch\\\/it\\\/impressum#breadcrumb\"},\"inLanguage\":\"it-IT\",\"potentialAction\":[{\"@type\":\"ReadAction\",\"target\":[\"https:\\\/\\\/www.gruenenachfolge.ch\\\/it\\\/impressum\"]}]},{\"@type\":\"BreadcrumbList\",\"@id\":\"https:\\\/\\\/www.gruenenachfolge.ch\\\/it\\\/impressum#breadcrumb\",\"itemListElement\":[{\"@type\":\"ListItem\",\"position\":1,\"name\":\"Startseite\",\"item\":\"https:\\\/\\\/www.gruenenachfolge.ch\\\/it\"},{\"@type\":\"ListItem\",\"position\":2,\"name\":\"Impressum\"}]},{\"@type\":\"WebSite\",\"@id\":\"https:\\\/\\\/www.gruenenachfolge.ch\\\/it#website\",\"url\":\"https:\\\/\\\/www.gruenenachfolge.ch\\\/it\",\"name\":\"GRUENEnachfolge.ch\",\"description\":\"\",\"potentialAction\":[{\"@type\":\"SearchAction\",\"target\":{\"@type\":\"EntryPoint\",\"urlTemplate\":\"https:\\\/\\\/www.gruenenachfolge.ch\\\/it?s={search_term_string}\"},\"query-input\":{\"@type\":\"PropertyValueSpecification\",\"valueRequired\":true,\"valueName\":\"search_term_string\"}}],\"inLanguage\":\"it-IT\"}]}<\/script>\n<!-- \/ Yoast SEO plugin. -->","yoast_head_json":{"title":"Impressum - GRUENEnachfolge.ch","robots":{"index":"index","follow":"follow","max-snippet":"max-snippet:-1","max-image-preview":"max-image-preview:large","max-video-preview":"max-video-preview:-1"},"canonical":"https:\/\/www.gruenenachfolge.ch\/it\/impressum","og_locale":"it_IT","og_type":"article","og_title":"Impressum - GRUENEnachfolge.ch","og_description":"Impressum Responsabile del contenutoSch\u00f6pfer und Frei GmbHDorfstrasse 385040 Sch\u00f6ftland Contattomail&#64;g&#114;&#117;&#101;&#110;&#101;&#110;&#97;&#x63;&#x68;&#x66;&#x6f;&#x6c;&#x67;&#x65;&#x2e;&#x63;&#x68; Crediti fotograficiHomepage \u2013 Foto di Ann Ann su UnsplashInformazioni sulla successione \u2013 Foto di Jessica Ruscello su UnsplashProcesso di successione \u2013 Foto di EmPics \/ Adobe StockValutazione dell\u2019azienda \u2013 Foto di vegefox.com \/ Adobe StockDocumentazione per la valutazione dell\u2019azienda \u2013 read more...","og_url":"https:\/\/www.gruenenachfolge.ch\/it\/impressum","og_site_name":"GRUENEnachfolge.ch","article_modified_time":"2025-12-05T14:59:54+00:00","twitter_card":"summary_large_image","twitter_misc":{"Tempo di lettura stimato":"3 minuti"},"schema":{"@context":"https:\/\/schema.org","@graph":[{"@type":"WebPage","@id":"https:\/\/www.gruenenachfolge.ch\/it\/impressum","url":"https:\/\/www.gruenenachfolge.ch\/it\/impressum","name":"Impressum - GRUENEnachfolge.ch","isPartOf":{"@id":"https:\/\/www.gruenenachfolge.ch\/it#website"},"datePublished":"2024-10-01T12:09:11+00:00","dateModified":"2025-12-05T14:59:54+00:00","breadcrumb":{"@id":"https:\/\/www.gruenenachfolge.ch\/it\/impressum#breadcrumb"},"inLanguage":"it-IT","potentialAction":[{"@type":"ReadAction","target":["https:\/\/www.gruenenachfolge.ch\/it\/impressum"]}]},{"@type":"BreadcrumbList","@id":"https:\/\/www.gruenenachfolge.ch\/it\/impressum#breadcrumb","itemListElement":[{"@type":"ListItem","position":1,"name":"Startseite","item":"https:\/\/www.gruenenachfolge.ch\/it"},{"@type":"ListItem","position":2,"name":"Impressum"}]},{"@type":"WebSite","@id":"https:\/\/www.gruenenachfolge.ch\/it#website","url":"https:\/\/www.gruenenachfolge.ch\/it","name":"GRUENEnachfolge.ch","description":"","potentialAction":[{"@type":"SearchAction","target":{"@type":"EntryPoint","urlTemplate":"https:\/\/www.gruenenachfolge.ch\/it?s={search_term_string}"},"query-input":{"@type":"PropertyValueSpecification","valueRequired":true,"valueName":"search_term_string"}}],"inLanguage":"it-IT"}]}},"_links":{"self":[{"href":"https:\/\/www.gruenenachfolge.ch\/it\/wp-json\/wp\/v2\/pages\/2082","targetHints":{"allow":["GET"]}}],"collection":[{"href":"https:\/\/www.gruenenachfolge.ch\/it\/wp-json\/wp\/v2\/pages"}],"about":[{"href":"https:\/\/www.gruenenachfolge.ch\/it\/wp-json\/wp\/v2\/types\/page"}],"author":[{"embeddable":true,"href":"https:\/\/www.gruenenachfolge.ch\/it\/wp-json\/wp\/v2\/users\/1"}],"replies":[{"embeddable":true,"href":"https:\/\/www.gruenenachfolge.ch\/it\/wp-json\/wp\/v2\/comments?post=2082"}],"version-history":[{"count":7,"href":"https:\/\/www.gruenenachfolge.ch\/it\/wp-json\/wp\/v2\/pages\/2082\/revisions"}],"predecessor-version":[{"id":2190,"href":"https:\/\/www.gruenenachfolge.ch\/it\/wp-json\/wp\/v2\/pages\/2082\/revisions\/2190"}],"wp:attachment":[{"href":"https:\/\/www.gruenenachfolge.ch\/it\/wp-json\/wp\/v2\/media?parent=2082"}],"curies":[{"name":"wp","href":"https:\/\/api.w.org\/{rel}","templated":true}]}}