{"id":2081,"date":"2024-10-01T14:09:11","date_gmt":"2024-10-01T12:09:11","guid":{"rendered":"https:\/\/www.gruenenachfolge.ch\/impressum"},"modified":"2025-12-05T15:26:26","modified_gmt":"2025-12-05T14:26:26","slug":"mentions-legales","status":"publish","type":"page","link":"https:\/\/www.gruenenachfolge.ch\/fr\/mentions-legales","title":{"rendered":"Mentions l\u00e9gales"},"content":{"rendered":"\t\t<div data-elementor-type=\"wp-page\" data-elementor-id=\"2081\" class=\"elementor elementor-2081 elementor-8\" data-elementor-post-type=\"page\">\n\t\t\t\t<div class=\"elementor-element elementor-element-4be5bb1 e-flex e-con-boxed e-con e-parent\" data-id=\"4be5bb1\" data-element_type=\"container\" data-e-type=\"container\" data-settings=\"{&quot;background_background&quot;:&quot;classic&quot;}\">\n\t\t\t\t\t<div class=\"e-con-inner\">\n\t\t<div class=\"elementor-element elementor-element-82b2e8f e-con-full e-flex e-con e-child\" data-id=\"82b2e8f\" data-element_type=\"container\" data-e-type=\"container\">\n\t\t\t\t<div class=\"elementor-element elementor-element-5b42bd2 elementor-widget elementor-widget-text-editor\" data-id=\"5b42bd2\" data-element_type=\"widget\" data-e-type=\"widget\" data-widget_type=\"text-editor.default\">\n\t\t\t\t<div class=\"elementor-widget-container\">\n\t\t\t\t\t\t\t\t\t<h1>Mentions l\u00e9gales<\/h1>\t\t\t\t\t\t\t\t<\/div>\n\t\t\t\t<\/div>\n\t\t\t\t<div class=\"elementor-element elementor-element-1bdda38 elementor-widget elementor-widget-text-editor\" data-id=\"1bdda38\" data-element_type=\"widget\" data-e-type=\"widget\" data-widget_type=\"text-editor.default\">\n\t\t\t\t<div class=\"elementor-widget-container\">\n\t\t\t\t\t\t\t\t\t<p><strong>Responsable du contenu<\/strong><br \/>Sch\u00f6pfer und Frei GmbH<br \/>Dorfstrasse 38<br \/>5040 Sch\u00f6ftland<\/p><p><strong>Contact<br \/><\/strong>&#109;a&#x69;l&#x40;&#103;&#x72;&#117;&#x65;&#110;e&#x6e;a&#x63;&#104;&#x66;&#111;&#x6c;&#103;&#x65;&#46;c&#x68;<\/p><p><strong>Cr\u00e9dit photographique<\/strong><br \/>Page d\u2019accueil \u2013 photo d\u2019 <a href=\"https:\/\/unsplash.com\/de\/@annanes?utm_source=unsplash&amp;utm_medium=referral&amp;utm_content=creditCopyText\">Ann Ann<\/a> sur <a href=\"https:\/\/unsplash.com\/de\/fotos\/eine-einzelne-grune-pflanze-mit-verschwommenem-hintergrund-hBZH5UJ4LVY?utm_source=unsplash&amp;utm_medium=referral&amp;utm_content=creditCopyText\">Unsplash<\/a><br \/>Connaissances en mati\u00e8re de succession \u2013 photo de <a href=\"https:\/\/unsplash.com\/de\/@jruscello?utm_source=unsplash&amp;utm_medium=referral&amp;utm_content=creditCopyText\">Jessica Ruscello<\/a> sur <a href=\"https:\/\/unsplash.com\/de\/fotos\/sortiertes-buchlos-OQSCtabGkSY?utm_source=unsplash&amp;utm_medium=referral&amp;utm_content=creditCopyText\">Unsplash<\/a><br \/>Processus de succession \u2013 photo d\u2019EmPics\/Adobe Stock<br \/>\u00c9valuation de l\u2019entreprise \u2013 photo de vegefox.com\/Adobe Stock<br \/>Documents pour l\u2019\u00e9valuation de l\u2019entreprise \u2013 photo de ghazii\/Adobe Stock<br \/>Formes de la succession d\u2019entreprise \u2013 photo de stockpics\/Adobe Stock Financement de la succession d\u2019entreprise \u2013 photo de lovelyday12\/Adobe Stock<\/p><p>En fonction des annonces publi\u00e9es, les photos suivantes sont en ligne ou ne sont pas visibles :<br \/>Annonces secteur Horticulture \u2013 photo de leszekglasner\/Adobe Stock et photo de Carbonero Stock\/Adobe Stock<br \/>Annonces secteur Production de plantes et de plantes vivaces \u2013 photo de barbara buderath\/Adobe Stock<br \/>Annonces secteur Art floral \u2013 photo de Popelniushka\/Adobe Stock<br \/>Annonces secteur Commerce de d\u00e9tail horticole \u2013 photo de sunshinemother\/Adobe Stock<br \/>Annonces secteur P\u00e9pini\u00e8re \u2013 photo de Ruud Morijn\/Adobe Stock<br \/>Annonces secteur Garten centre\/jardinerie\u2013 photo de Mariguita vector\/Adobe Stock<\/p><p><strong>Conception web<\/strong><br \/>Beatrice Graf | Beagrafika<br \/><a class=\"link-darkgrey\" href=\"http:\/\/www.beagrafika.ch\" target=\"_blank\" rel=\"noopener\">www.beagrafika.ch<\/a><\/p>\t\t\t\t\t\t\t\t<\/div>\n\t\t\t\t<\/div>\n\t\t\t\t<\/div>\n\t\t\t\t\t<\/div>\n\t\t\t\t<\/div>\n\t\t<div class=\"elementor-element elementor-element-55273c3 e-flex e-con-boxed e-con e-parent\" data-id=\"55273c3\" data-element_type=\"container\" data-e-type=\"container\" data-settings=\"{&quot;background_background&quot;:&quot;classic&quot;}\">\n\t\t\t\t\t<div class=\"e-con-inner\">\n\t\t<div class=\"elementor-element elementor-element-6b743ed e-con-full e-flex e-con e-child\" data-id=\"6b743ed\" data-element_type=\"container\" data-e-type=\"container\">\n\t\t\t\t<div class=\"elementor-element elementor-element-69d054a elementor-widget elementor-widget-text-editor\" data-id=\"69d054a\" data-element_type=\"widget\" data-e-type=\"widget\" data-widget_type=\"text-editor.default\">\n\t\t\t\t<div class=\"elementor-widget-container\">\n\t\t\t\t\t\t\t\t\t<h2>Exclusion de responsabilit\u00e9, informations juridiques<\/h2>\t\t\t\t\t\t\t\t<\/div>\n\t\t\t\t<\/div>\n\t\t\t\t<div class=\"elementor-element elementor-element-3459066 elementor-widget elementor-widget-text-editor\" data-id=\"3459066\" data-element_type=\"widget\" data-e-type=\"widget\" data-widget_type=\"text-editor.default\">\n\t\t\t\t<div class=\"elementor-widget-container\">\n\t\t\t\t\t\t\t\t\t<h3>Responsabilit\u00e9 pour les contenus<\/h3><p>En qualit\u00e9 de prestataire de services, nous sommes responsables de nos propres contenus sur ces pages selon les lois g\u00e9n\u00e9rales. Toutefois, nous ne sommes pas tenus, en qualit\u00e9 de prestataire de services, de surveiller les informations tierces transmises ou enregistr\u00e9es, ou d\u2019investiguer les circonstances qui indiquent une activit\u00e9 ill\u00e9gale.<\/p><p>Les obligations d\u2019\u00e9carter ou de bloquer l\u2019utilisation d\u2019informations selon les lois g\u00e9n\u00e9rales n\u2019en sont pas affect\u00e9es. Une responsabilit\u00e9 en la mati\u00e8re n\u2019est possible qu\u2019\u00e0 partir du moment o\u00f9 une violation concr\u00e8te du droit est connue. D\u00e8s la prise de connaissance de violations correspondantes du droit, nous retirerons ces contenus imm\u00e9diatement.<\/p>\t\t\t\t\t\t\t\t<\/div>\n\t\t\t\t<\/div>\n\t\t\t\t<div class=\"elementor-element elementor-element-40dcfa3 elementor-widget elementor-widget-text-editor\" data-id=\"40dcfa3\" data-element_type=\"widget\" data-e-type=\"widget\" data-widget_type=\"text-editor.default\">\n\t\t\t\t<div class=\"elementor-widget-container\">\n\t\t\t\t\t\t\t\t\t<h3>Responsabilit\u00e9 pour les liens<\/h3><p>Notre offre contient des liens vers des sites Internet externes de tiers, sur le contenu desquels nous n\u2019exer\u00e7ons aucune influence. C\u2019est pourquoi nous ne pouvons endosser aucune responsabilit\u00e9 pour ces contenus. Le prestataire ou l\u2019exploitant des pages r\u00e9f\u00e9renc\u00e9es r\u00e9pond toujours des contenus de ses pages. L\u2019absence d\u2019infractions dans les pages r\u00e9f\u00e9renc\u00e9es a \u00e9t\u00e9 contr\u00f4l\u00e9e au moment de leur r\u00e9f\u00e9rencement. Aucun contenu illicite n\u2019\u00e9tait identifiable au moment du r\u00e9f\u00e9rencement.<\/p><p>Toutefois, un contr\u00f4le permanent du contenu des pages r\u00e9f\u00e9renc\u00e9es ne peut \u00eatre exig\u00e9 raisonnablement sans indices concrets d\u2019une violation du droit. D\u00e8s la prise de connaissance de violations du droit, nous retirerons imm\u00e9diatement les liens de ce type.<\/p>\t\t\t\t\t\t\t\t<\/div>\n\t\t\t\t<\/div>\n\t\t\t\t<div class=\"elementor-element elementor-element-d78df34 elementor-widget elementor-widget-text-editor\" data-id=\"d78df34\" data-element_type=\"widget\" data-e-type=\"widget\" data-widget_type=\"text-editor.default\">\n\t\t\t\t<div class=\"elementor-widget-container\">\n\t\t\t\t\t\t\t\t\t<h3>Droit d\u2019auteur<\/h3><p>Les \u0153uvres et contenus cr\u00e9\u00e9s par les exploitants du site sur ces pages sont soumis au droit d\u2019auteur suisse. La reproduction, le traitement, la diffusion et tout type d\u2019utilisation en dehors des limites du droit d\u2019auteur requi\u00e8rent le consentement \u00e9crit de l\u2019auteur ou du cr\u00e9ateur concern\u00e9. Le t\u00e9l\u00e9chargement et les copies de ces pages sont autoris\u00e9s uniquement pour un usage priv\u00e9, pas pour un usage commercial.<\/p><p>Dans la mesure o\u00f9 les contenus sur ce site n\u2019ont pas \u00e9t\u00e9 cr\u00e9\u00e9s par l\u2019exploitant, les droits d\u2019auteur de tiers sont respect\u00e9s. Les contenus de tiers sont notamment signal\u00e9s comme tels. N\u00e9anmoins, si vous d\u00e9couvrez une violation du droit d\u2019auteur, nous vous prions de nous en aviser. D\u00e8s la prise de connaissance de violations du droit, nous retirerons imm\u00e9diatement les contenus de ce type.<\/p>\t\t\t\t\t\t\t\t<\/div>\n\t\t\t\t<\/div>\n\t\t\t\t<\/div>\n\t\t\t\t\t<\/div>\n\t\t\t\t<\/div>\n\t\t\t\t<\/div>\n\t\t","protected":false},"excerpt":{"rendered":"<p>Mentions l\u00e9gales Responsable du contenuSch\u00f6pfer und Frei GmbHDorfstrasse 385040 Sch\u00f6ftland Contact&#109;&#x61;&#105;&#x6c;&#64;&#x67;r&#x75;e&#x6e;e&#110;&#x61;&#99;&#x68;&#102;&#x6f;&#108;&#x67;e&#x2e;c&#x68; Cr\u00e9dit photographiquePage d\u2019accueil \u2013 photo d\u2019 Ann Ann sur UnsplashConnaissances en mati\u00e8re de succession \u2013 photo de Jessica Ruscello sur UnsplashProcessus de succession \u2013 photo d\u2019EmPics\/Adobe Stock\u00c9valuation de l\u2019entreprise \u2013 photo de vegefox.com\/Adobe StockDocuments pour l\u2019\u00e9valuation de l\u2019entreprise \u2013 <a class=\"moretag\" href=\"https:\/\/www.gruenenachfolge.ch\/fr\/mentions-legales\">read more&#8230;<\/a><\/p>\n","protected":false},"author":1,"featured_media":0,"parent":0,"menu_order":44,"comment_status":"closed","ping_status":"closed","template":"","meta":{"_acf_changed":false,"footnotes":""},"class_list":["post-2081","page","type-page","status-publish","hentry"],"acf":[],"yoast_head":"<!-- This site is optimized with the Yoast SEO plugin v27.4 - https:\/\/yoast.com\/product\/yoast-seo-wordpress\/ -->\n<title>Mentions l\u00e9gales - GRUENEnachfolge.ch<\/title>\n<meta name=\"robots\" content=\"index, follow, max-snippet:-1, max-image-preview:large, max-video-preview:-1\" \/>\n<link rel=\"canonical\" href=\"https:\/\/www.gruenenachfolge.ch\/fr\/mentions-legales\" \/>\n<meta property=\"og:locale\" content=\"fr_FR\" \/>\n<meta property=\"og:type\" content=\"article\" \/>\n<meta property=\"og:title\" content=\"Mentions l\u00e9gales - GRUENEnachfolge.ch\" \/>\n<meta property=\"og:description\" content=\"Mentions l\u00e9gales Responsable du contenuSch\u00f6pfer und Frei GmbHDorfstrasse 385040 Sch\u00f6ftland Contact&#109;&#x61;i&#x6c;&#x40;&#103;&#x72;u&#x65;&#x6e;&#101;&#x6e;a&#x63;&#x68;&#102;&#x6f;l&#x67;&#x65;&#046;&#x63;h Cr\u00e9dit photographiquePage d\u2019accueil \u2013 photo d\u2019 Ann Ann sur UnsplashConnaissances en mati\u00e8re de succession \u2013 photo de Jessica Ruscello sur UnsplashProcessus de succession \u2013 photo d\u2019EmPics\/Adobe Stock\u00c9valuation de l\u2019entreprise \u2013 photo de vegefox.com\/Adobe StockDocuments pour l\u2019\u00e9valuation de l\u2019entreprise \u2013 read more...\" \/>\n<meta property=\"og:url\" content=\"https:\/\/www.gruenenachfolge.ch\/fr\/mentions-legales\" \/>\n<meta property=\"og:site_name\" content=\"GRUENEnachfolge.ch\" \/>\n<meta property=\"article:modified_time\" content=\"2025-12-05T14:26:26+00:00\" \/>\n<meta name=\"twitter:card\" content=\"summary_large_image\" \/>\n<meta name=\"twitter:label1\" content=\"Dur\u00e9e de lecture estim\u00e9e\" \/>\n\t<meta name=\"twitter:data1\" content=\"3 minutes\" \/>\n<script type=\"application\/ld+json\" class=\"yoast-schema-graph\">{\"@context\":\"https:\\\/\\\/schema.org\",\"@graph\":[{\"@type\":\"WebPage\",\"@id\":\"https:\\\/\\\/www.gruenenachfolge.ch\\\/fr\\\/mentions-legales\",\"url\":\"https:\\\/\\\/www.gruenenachfolge.ch\\\/fr\\\/mentions-legales\",\"name\":\"Mentions l\u00e9gales - GRUENEnachfolge.ch\",\"isPartOf\":{\"@id\":\"https:\\\/\\\/www.gruenenachfolge.ch\\\/fr#website\"},\"datePublished\":\"2024-10-01T12:09:11+00:00\",\"dateModified\":\"2025-12-05T14:26:26+00:00\",\"breadcrumb\":{\"@id\":\"https:\\\/\\\/www.gruenenachfolge.ch\\\/fr\\\/mentions-legales#breadcrumb\"},\"inLanguage\":\"fr-FR\",\"potentialAction\":[{\"@type\":\"ReadAction\",\"target\":[\"https:\\\/\\\/www.gruenenachfolge.ch\\\/fr\\\/mentions-legales\"]}]},{\"@type\":\"BreadcrumbList\",\"@id\":\"https:\\\/\\\/www.gruenenachfolge.ch\\\/fr\\\/mentions-legales#breadcrumb\",\"itemListElement\":[{\"@type\":\"ListItem\",\"position\":1,\"name\":\"Startseite\",\"item\":\"https:\\\/\\\/www.gruenenachfolge.ch\\\/fr\"},{\"@type\":\"ListItem\",\"position\":2,\"name\":\"Mentions l\u00e9gales\"}]},{\"@type\":\"WebSite\",\"@id\":\"https:\\\/\\\/www.gruenenachfolge.ch\\\/fr#website\",\"url\":\"https:\\\/\\\/www.gruenenachfolge.ch\\\/fr\",\"name\":\"GRUENEnachfolge.ch\",\"description\":\"\",\"potentialAction\":[{\"@type\":\"SearchAction\",\"target\":{\"@type\":\"EntryPoint\",\"urlTemplate\":\"https:\\\/\\\/www.gruenenachfolge.ch\\\/fr?s={search_term_string}\"},\"query-input\":{\"@type\":\"PropertyValueSpecification\",\"valueRequired\":true,\"valueName\":\"search_term_string\"}}],\"inLanguage\":\"fr-FR\"}]}<\/script>\n<!-- \/ Yoast SEO plugin. -->","yoast_head_json":{"title":"Mentions l\u00e9gales - GRUENEnachfolge.ch","robots":{"index":"index","follow":"follow","max-snippet":"max-snippet:-1","max-image-preview":"max-image-preview:large","max-video-preview":"max-video-preview:-1"},"canonical":"https:\/\/www.gruenenachfolge.ch\/fr\/mentions-legales","og_locale":"fr_FR","og_type":"article","og_title":"Mentions l\u00e9gales - GRUENEnachfolge.ch","og_description":"Mentions l\u00e9gales Responsable du contenuSch\u00f6pfer und Frei GmbHDorfstrasse 385040 Sch\u00f6ftland Contact&#x6d;&#97;i&#x6c;&#x40;&#103;r&#x75;&#x65;&#110;e&#x6e;&#97;c&#x68;&#x66;&#111;l&#x67;&#x65;&#46;c&#x68; Cr\u00e9dit photographiquePage d\u2019accueil \u2013 photo d\u2019 Ann Ann sur UnsplashConnaissances en mati\u00e8re de succession \u2013 photo de Jessica Ruscello sur UnsplashProcessus de succession \u2013 photo d\u2019EmPics\/Adobe Stock\u00c9valuation de l\u2019entreprise \u2013 photo de vegefox.com\/Adobe StockDocuments pour l\u2019\u00e9valuation de l\u2019entreprise \u2013 read more...","og_url":"https:\/\/www.gruenenachfolge.ch\/fr\/mentions-legales","og_site_name":"GRUENEnachfolge.ch","article_modified_time":"2025-12-05T14:26:26+00:00","twitter_card":"summary_large_image","twitter_misc":{"Dur\u00e9e de lecture estim\u00e9e":"3 minutes"},"schema":{"@context":"https:\/\/schema.org","@graph":[{"@type":"WebPage","@id":"https:\/\/www.gruenenachfolge.ch\/fr\/mentions-legales","url":"https:\/\/www.gruenenachfolge.ch\/fr\/mentions-legales","name":"Mentions l\u00e9gales - GRUENEnachfolge.ch","isPartOf":{"@id":"https:\/\/www.gruenenachfolge.ch\/fr#website"},"datePublished":"2024-10-01T12:09:11+00:00","dateModified":"2025-12-05T14:26:26+00:00","breadcrumb":{"@id":"https:\/\/www.gruenenachfolge.ch\/fr\/mentions-legales#breadcrumb"},"inLanguage":"fr-FR","potentialAction":[{"@type":"ReadAction","target":["https:\/\/www.gruenenachfolge.ch\/fr\/mentions-legales"]}]},{"@type":"BreadcrumbList","@id":"https:\/\/www.gruenenachfolge.ch\/fr\/mentions-legales#breadcrumb","itemListElement":[{"@type":"ListItem","position":1,"name":"Startseite","item":"https:\/\/www.gruenenachfolge.ch\/fr"},{"@type":"ListItem","position":2,"name":"Mentions l\u00e9gales"}]},{"@type":"WebSite","@id":"https:\/\/www.gruenenachfolge.ch\/fr#website","url":"https:\/\/www.gruenenachfolge.ch\/fr","name":"GRUENEnachfolge.ch","description":"","potentialAction":[{"@type":"SearchAction","target":{"@type":"EntryPoint","urlTemplate":"https:\/\/www.gruenenachfolge.ch\/fr?s={search_term_string}"},"query-input":{"@type":"PropertyValueSpecification","valueRequired":true,"valueName":"search_term_string"}}],"inLanguage":"fr-FR"}]}},"_links":{"self":[{"href":"https:\/\/www.gruenenachfolge.ch\/fr\/wp-json\/wp\/v2\/pages\/2081","targetHints":{"allow":["GET"]}}],"collection":[{"href":"https:\/\/www.gruenenachfolge.ch\/fr\/wp-json\/wp\/v2\/pages"}],"about":[{"href":"https:\/\/www.gruenenachfolge.ch\/fr\/wp-json\/wp\/v2\/types\/page"}],"author":[{"embeddable":true,"href":"https:\/\/www.gruenenachfolge.ch\/fr\/wp-json\/wp\/v2\/users\/1"}],"replies":[{"embeddable":true,"href":"https:\/\/www.gruenenachfolge.ch\/fr\/wp-json\/wp\/v2\/comments?post=2081"}],"version-history":[{"count":5,"href":"https:\/\/www.gruenenachfolge.ch\/fr\/wp-json\/wp\/v2\/pages\/2081\/revisions"}],"predecessor-version":[{"id":2168,"href":"https:\/\/www.gruenenachfolge.ch\/fr\/wp-json\/wp\/v2\/pages\/2081\/revisions\/2168"}],"wp:attachment":[{"href":"https:\/\/www.gruenenachfolge.ch\/fr\/wp-json\/wp\/v2\/media?parent=2081"}],"curies":[{"name":"wp","href":"https:\/\/api.w.org\/{rel}","templated":true}]}}