{"id":1936,"date":"2025-12-04T18:14:12","date_gmt":"2025-12-04T17:14:12","guid":{"rendered":"https:\/\/www.gruenenachfolge.ch\/home-2"},"modified":"2026-01-08T11:52:57","modified_gmt":"2026-01-08T10:52:57","slug":"home-2","status":"publish","type":"page","link":"https:\/\/www.gruenenachfolge.ch\/fr","title":{"rendered":"Home"},"content":{"rendered":"\t\t<div data-elementor-type=\"wp-page\" data-elementor-id=\"1936\" class=\"elementor elementor-1936 elementor-1929\" data-elementor-post-type=\"page\">\n\t\t\t\t<div class=\"elementor-element elementor-element-23a5b7ac e-flex e-con-boxed e-con e-parent\" data-id=\"23a5b7ac\" data-element_type=\"container\" data-e-type=\"container\" data-settings=\"{&quot;background_background&quot;:&quot;classic&quot;}\">\n\t\t\t\t\t<div class=\"e-con-inner\">\n\t\t<div class=\"elementor-element elementor-element-099ae4d e-con-full e-flex e-con e-child\" data-id=\"099ae4d\" data-element_type=\"container\" data-e-type=\"container\">\n\t\t\t\t<div class=\"elementor-element elementor-element-770a245d elementor-widget__width-initial elementor-widget-mobile__width-inherit elementor-widget elementor-widget-text-editor\" data-id=\"770a245d\" data-element_type=\"widget\" data-e-type=\"widget\" data-widget_type=\"text-editor.default\">\n\t\t\t\t<div class=\"elementor-widget-container\">\n\t\t\t\t\t\t\t\t\t<h1 class=\"h2 ls-no-hyphenate\">La plateforme d\u2019annonces pour les successions d\u2019entreprise dans la branche verte<\/h1>\t\t\t\t\t\t\t\t<\/div>\n\t\t\t\t<\/div>\n\t\t\t\t<\/div>\n\t\t\t\t\t<\/div>\n\t\t\t\t<\/div>\n\t\t<div class=\"elementor-element elementor-element-6236a27 e-flex e-con-boxed e-con e-parent\" data-id=\"6236a27\" data-element_type=\"container\" data-e-type=\"container\">\n\t\t\t\t\t<div class=\"e-con-inner\">\n\t\t\t\t<div class=\"elementor-element elementor-element-4c4cab2 elementor-widget elementor-widget-text-editor\" data-id=\"4c4cab2\" data-element_type=\"widget\" data-e-type=\"widget\" data-widget_type=\"text-editor.default\">\n\t\t\t\t<div class=\"elementor-widget-container\">\n\t\t\t\t\t\t\t\t\t<h1 class=\"tertiary-color h3\" style=\"text-align: center;\">Vous aimeriez c\u00e9der votre entreprise de la branche verte ou vous \u00eates \u00e0 la recherche d\u2019un nouveau d\u00e9fi entrepreneurial dans cette branche ? successeurVERT.ch permet aux acheteurs et aux vendeurs de se retrouver sur la plateforme d\u2019annonces.<\/h1>\t\t\t\t\t\t\t\t<\/div>\n\t\t\t\t<\/div>\n\t\t\t\t<div class=\"elementor-element elementor-element-c5104b0 elementor-widget elementor-widget-spacer\" data-id=\"c5104b0\" data-element_type=\"widget\" data-e-type=\"widget\" data-widget_type=\"spacer.default\">\n\t\t\t\t<div class=\"elementor-widget-container\">\n\t\t\t\t\t\t\t<div class=\"elementor-spacer\">\n\t\t\t<div class=\"elementor-spacer-inner\"><\/div>\n\t\t<\/div>\n\t\t\t\t\t\t<\/div>\n\t\t\t\t<\/div>\n\t\t\t\t<div class=\"elementor-element elementor-element-28f2106 elementor-widget elementor-widget-heading\" data-id=\"28f2106\" data-element_type=\"widget\" data-e-type=\"widget\" data-widget_type=\"heading.default\">\n\t\t\t\t<div class=\"elementor-widget-container\">\n\t\t\t\t\t<h2 class=\"elementor-heading-title elementor-size-default\">Qu\u2019aimeriez-vous faire ?<\/h2>\t\t\t\t<\/div>\n\t\t\t\t<\/div>\n\t\t\t\t\t<\/div>\n\t\t\t\t<\/div>\n\t\t<div class=\"elementor-element elementor-element-f7e5ff2 e-flex e-con-boxed e-con e-parent\" data-id=\"f7e5ff2\" data-element_type=\"container\" data-e-type=\"container\">\n\t\t\t\t\t<div class=\"e-con-inner\">\n\t\t<div class=\"elementor-element elementor-element-7e3e753 e-con-full e-flex e-con e-child\" data-id=\"7e3e753\" data-element_type=\"container\" data-e-type=\"container\" data-settings=\"{&quot;background_background&quot;:&quot;classic&quot;}\">\n\t\t\t\t<div class=\"elementor-element elementor-element-8b403df elementor-widget elementor-widget-text-editor\" data-id=\"8b403df\" data-element_type=\"widget\" data-e-type=\"widget\" data-widget_type=\"text-editor.default\">\n\t\t\t\t<div class=\"elementor-widget-container\">\n\t\t\t\t\t\t\t\t\t<h3 class=\"fz-l fw-semibold\">Vendre une entreprise<\/h3><p>Vous aimeriez vendre votre entreprise et vous recherchez la bonne personne pour l\u2019acheter ? Publiez votre annonce ou consultez les annonces des int\u00e9ress\u00e9s potentiels.<br \/><br \/><\/p>\t\t\t\t\t\t\t\t<\/div>\n\t\t\t\t<\/div>\n\t\t<div class=\"elementor-element elementor-element-cbd00fb e-con-full e-flex e-con e-child\" data-id=\"cbd00fb\" data-element_type=\"container\" data-e-type=\"container\" data-settings=\"{&quot;background_background&quot;:&quot;classic&quot;}\">\n\t\t\t\t<div class=\"elementor-element elementor-element-6904091 elementor-widget elementor-widget-text-editor\" data-id=\"6904091\" data-element_type=\"widget\" data-e-type=\"widget\" data-widget_type=\"text-editor.default\">\n\t\t\t\t<div class=\"elementor-widget-container\">\n\t\t\t\t\t\t\t\t\t<p style=\"text-align: center;\"><a class=\"btn-primary btn--fullwidth\" href=\"https:\/\/www.gruenenachfolge.ch\/fr\/creer-des-annonces-a-vendre\">Cr\u00e9er une annonce<\/a><\/p>\t\t\t\t\t\t\t\t<\/div>\n\t\t\t\t<\/div>\n\t\t\t\t<\/div>\n\t\t<div class=\"elementor-element elementor-element-3cc11f3 e-con-full e-flex e-con e-child\" data-id=\"3cc11f3\" data-element_type=\"container\" data-e-type=\"container\" data-settings=\"{&quot;background_background&quot;:&quot;classic&quot;}\">\n\t\t\t\t<div class=\"elementor-element elementor-element-22ac3ab elementor-widget elementor-widget-text-editor\" data-id=\"22ac3ab\" data-element_type=\"widget\" data-e-type=\"widget\" data-widget_type=\"text-editor.default\">\n\t\t\t\t<div class=\"elementor-widget-container\">\n\t\t\t\t\t\t\t\t\t<p style=\"text-align: center;\"><a class=\"btn-primary btn--fullwidth\" href=\"https:\/\/www.gruenenachfolge.ch\/fr\/je-recherche\">Consulter les annonces des acheteurs<\/a><\/p>\t\t\t\t\t\t\t\t<\/div>\n\t\t\t\t<\/div>\n\t\t\t\t<\/div>\n\t\t\t\t<\/div>\n\t\t<div class=\"elementor-element elementor-element-3e596ec e-con-full e-flex e-con e-child\" data-id=\"3e596ec\" data-element_type=\"container\" data-e-type=\"container\" data-settings=\"{&quot;background_background&quot;:&quot;classic&quot;}\">\n\t\t\t\t<div class=\"elementor-element elementor-element-105fe60 elementor-widget elementor-widget-text-editor\" data-id=\"105fe60\" data-element_type=\"widget\" data-e-type=\"widget\" data-widget_type=\"text-editor.default\">\n\t\t\t\t<div class=\"elementor-widget-container\">\n\t\t\t\t\t\t\t\t\t<h3 class=\"fw-semibold fz-l\">Acheter une entreprise<\/h3>\nVous aimeriez franchir le pas vers l\u2019ind\u00e9pendance ou poursuivre l\u2019expansion de votre entreprise actuelle ? Par votre annonce, vous devenez activement visible dans la branche ou vous pouvez consulter les annonces publi\u00e9es.\t\t\t\t\t\t\t\t<\/div>\n\t\t\t\t<\/div>\n\t\t<div class=\"elementor-element elementor-element-fd2e35c e-con-full e-flex e-con e-child\" data-id=\"fd2e35c\" data-element_type=\"container\" data-e-type=\"container\" data-settings=\"{&quot;background_background&quot;:&quot;classic&quot;}\">\n\t\t\t\t<div class=\"elementor-element elementor-element-db98033 elementor-widget elementor-widget-text-editor\" data-id=\"db98033\" data-element_type=\"widget\" data-e-type=\"widget\" data-widget_type=\"text-editor.default\">\n\t\t\t\t<div class=\"elementor-widget-container\">\n\t\t\t\t\t\t\t\t\t<p style=\"text-align: center;\"><a class=\"btn-primary btn--fullwidth\" href=\"https:\/\/www.gruenenachfolge.ch\/fr\/creer-des-annonces-je-recherche\">Cr\u00e9er une annonce<\/a><\/p>\t\t\t\t\t\t\t\t<\/div>\n\t\t\t\t<\/div>\n\t\t\t\t<\/div>\n\t\t<div class=\"elementor-element elementor-element-d02f6c5 e-con-full e-flex e-con e-child\" data-id=\"d02f6c5\" data-element_type=\"container\" data-e-type=\"container\" data-settings=\"{&quot;background_background&quot;:&quot;classic&quot;}\">\n\t\t\t\t<div class=\"elementor-element elementor-element-2ffa9c3 elementor-widget elementor-widget-text-editor\" data-id=\"2ffa9c3\" data-element_type=\"widget\" data-e-type=\"widget\" data-widget_type=\"text-editor.default\">\n\t\t\t\t<div class=\"elementor-widget-container\">\n\t\t\t\t\t\t\t\t\t<p style=\"text-align: center;\"><a class=\"btn-primary btn--fullwidth\" href=\"https:\/\/www.gruenenachfolge.ch\/fr\/a-vendre\">Consulter les annonces des vendeurs<\/a><\/p>\t\t\t\t\t\t\t\t<\/div>\n\t\t\t\t<\/div>\n\t\t\t\t<\/div>\n\t\t\t\t<\/div>\n\t\t\t\t\t<\/div>\n\t\t\t\t<\/div>\n\t\t<div class=\"elementor-element elementor-element-69b251d e-flex e-con-boxed e-con e-parent\" data-id=\"69b251d\" data-element_type=\"container\" data-e-type=\"container\">\n\t\t\t\t\t<div class=\"e-con-inner\">\n\t\t\t\t<div class=\"elementor-element elementor-element-e7607b4 elementor-widget elementor-widget-image\" data-id=\"e7607b4\" data-element_type=\"widget\" data-e-type=\"widget\" data-widget_type=\"image.default\">\n\t\t\t\t<div class=\"elementor-widget-container\">\n\t\t\t\t\t\t\t\t\t\t\t\t\t\t\t\t<a href=\"https:\/\/www.jardinsuisse.ch\/fr\/homepage\/\" target=\"_blank\">\n\t\t\t\t\t\t\t<img decoding=\"async\" width=\"141\" height=\"41\" src=\"https:\/\/www.gruenenachfolge.ch\/wp-content\/uploads\/2025\/10\/logo-green.svg\" class=\"attachment-large size-large wp-image-766\" alt=\"\" \/>\t\t\t\t\t\t\t\t<\/a>\n\t\t\t\t\t\t\t\t\t\t\t\t\t\t\t<\/div>\n\t\t\t\t<\/div>\n\t\t\t\t<div class=\"elementor-element elementor-element-c8534b1 elementor-widget elementor-widget-text-editor\" data-id=\"c8534b1\" data-element_type=\"widget\" data-e-type=\"widget\" data-widget_type=\"text-editor.default\">\n\t\t\t\t<div class=\"elementor-widget-container\">\n\t\t\t\t\t\t\t\t\t<p>Forte de quelque 1800 membres, l\u2019association suisse des entreprises horticoles, qui rassemble les professions du paysagisme, de la production de plantes et du commerce de d\u00e9tail horticole\u2026<\/p><ul class=\"list-check\"><li><strong class=\"primary-color\">&#8230; d\u00e9fend les int\u00e9r\u00eats <\/strong>de ses membres en mati\u00e8re d\u2019\u00e9conomie, de politique et de soci\u00e9t\u00e9,<\/li><li><strong class=\"primary-color\">&#8230; favorise l\u2019essor de la branche d\u2019activit\u00e9 <\/strong> dans les r\u00f4les majeurs qu\u2019elle repr\u00e9sente pour la nature, l\u2019humain et l\u2019habitat,<\/li><li><strong class=\"primary-color\">&#8230; d\u00e9veloppe un r\u00e9seau dynamique \u00e0 l\u2019\u00e9chelle de la Suisse <\/strong>\u00e0 la fois interne et externe \u00e0 la branche d\u2019activit\u00e9 afin d\u2019\u00e9tablir des conditions cadres adapt\u00e9es aux r\u00e9alit\u00e9s professionnelles,<\/li><li><strong class=\"primary-color\">&#8230; propose une offre de formation exceptionnelle<\/strong>, permettant d\u2019ouvrir des perspectives professionnelles et, \u00e0 long terme, de garantir la qualit\u00e9 de la branche,<\/li><li><strong class=\"primary-color\"><strong class=\"primary-color\">&#8230;<\/strong><\/strong><span class=\"primary-color\"><b style=\"font-variant-caps: normal;\"><span lang=\"FR-CH\">donne de la visibilit\u00e9 aux prestations horticoles, <\/span><\/b><\/span>et met ainsi l\u2019accent sur l\u2019engagement impressionnant au b\u00e9n\u00e9fice de la nature et de la soci\u00e9t\u00e9,<\/li><\/ul><p><span style=\"font-variant-caps: normal;\">\u2026 und arbeitet gemeinsam mit seinen Mitgliedern an einer zukunftsorientierten, wirtschaftlich starken und \u00f6kologisch verantwortungsvollen Gr\u00fcnen Branche in der Schweiz.<\/span><\/p>\t\t\t\t\t\t\t\t<\/div>\n\t\t\t\t<\/div>\n\t\t\t\t<div class=\"elementor-element elementor-element-d29cbe1 elementor-align-center elementor-widget elementor-widget-button\" data-id=\"d29cbe1\" data-element_type=\"widget\" data-e-type=\"widget\" data-widget_type=\"button.default\">\n\t\t\t\t<div class=\"elementor-widget-container\">\n\t\t\t\t\t\t\t\t\t<div class=\"elementor-button-wrapper\">\n\t\t\t\t\t<a class=\"elementor-button elementor-button-link elementor-size-sm\" href=\"https:\/\/jardinsuisse.ch\/fr\/verband\/mitgliedschaft\/ihre-vorteile\/\" target=\"_blank\">\n\t\t\t\t\t\t<span class=\"elementor-button-content-wrapper\">\n\t\t\t\t\t\t\t\t\t<span class=\"elementor-button-text\">Adh\u00e9rez sans attendre<\/span>\n\t\t\t\t\t<\/span>\n\t\t\t\t\t<\/a>\n\t\t\t\t<\/div>\n\t\t\t\t\t\t\t\t<\/div>\n\t\t\t\t<\/div>\n\t\t\t\t\t<\/div>\n\t\t\t\t<\/div>\n\t\t<div class=\"elementor-element elementor-element-b2e1e8a e-flex e-con-boxed e-con e-parent\" data-id=\"b2e1e8a\" data-element_type=\"container\" data-e-type=\"container\">\n\t\t\t\t\t<div class=\"e-con-inner\">\n\t\t\t\t<div class=\"elementor-element elementor-element-6d3a740 elementor-widget elementor-widget-text-editor\" data-id=\"6d3a740\" data-element_type=\"widget\" data-e-type=\"widget\" data-widget_type=\"text-editor.default\">\n\t\t\t\t<div class=\"elementor-widget-container\">\n\t\t\t\t\t\t\t\t\t<h4>Simplification linguistique<\/h4>\nPour simplifier la lecture de ce site Internet, nous utilisons la forme masculine. Elle s\u2019adresse \u00e0 toutes les personnes, ind\u00e9pendamment de leur genre ou de leur identit\u00e9.\t\t\t\t\t\t\t\t<\/div>\n\t\t\t\t<\/div>\n\t\t\t\t\t<\/div>\n\t\t\t\t<\/div>\n\t\t\t\t<\/div>\n\t\t","protected":false},"excerpt":{"rendered":"<p>La plateforme d\u2019annonces pour les successions d\u2019entreprise dans la branche verte Vous aimeriez c\u00e9der votre entreprise de la branche verte ou vous \u00eates \u00e0 la recherche d\u2019un nouveau d\u00e9fi entrepreneurial dans cette branche ? successeurVERT.ch permet aux acheteurs et aux vendeurs de se retrouver sur la plateforme d\u2019annonces. Qu\u2019aimeriez-vous faire <a class=\"moretag\" href=\"https:\/\/www.gruenenachfolge.ch\/fr\">read more&#8230;<\/a><\/p>\n","protected":false},"author":1,"featured_media":0,"parent":0,"menu_order":18,"comment_status":"closed","ping_status":"closed","template":"elementor_header_footer","meta":{"_acf_changed":false,"footnotes":""},"class_list":["post-1936","page","type-page","status-publish","hentry"],"acf":[],"yoast_head":"<!-- This site is optimized with the Yoast SEO plugin v27.4 - https:\/\/yoast.com\/product\/yoast-seo-wordpress\/ -->\n<title>successeurVERT \u2013 Transmission pour la branche verte<\/title>\n<meta name=\"description\" content=\"Transmission d\u2019entreprise dans la branche verte. Plateforme d\u00e9di\u00e9e \u00e0 la succession. Horticulture, p\u00e9pini\u00e8res, centres de jardin.\" \/>\n<meta name=\"robots\" content=\"index, follow, max-snippet:-1, max-image-preview:large, max-video-preview:-1\" \/>\n<link rel=\"canonical\" href=\"https:\/\/www.gruenenachfolge.ch\/fr\" \/>\n<meta property=\"og:locale\" content=\"fr_FR\" \/>\n<meta property=\"og:type\" content=\"article\" \/>\n<meta property=\"og:title\" content=\"successeurVERT \u2013 Transmission pour la branche verte\" \/>\n<meta property=\"og:description\" content=\"Transmission d\u2019entreprise dans la branche verte. Plateforme d\u00e9di\u00e9e \u00e0 la succession. Horticulture, p\u00e9pini\u00e8res, centres de jardin.\" \/>\n<meta property=\"og:url\" content=\"https:\/\/www.gruenenachfolge.ch\/fr\" \/>\n<meta property=\"og:site_name\" content=\"GRUENEnachfolge.ch\" \/>\n<meta property=\"article:modified_time\" content=\"2026-01-08T10:52:57+00:00\" \/>\n<meta name=\"twitter:card\" content=\"summary_large_image\" \/>\n<meta name=\"twitter:label1\" content=\"Dur\u00e9e de lecture estim\u00e9e\" \/>\n\t<meta name=\"twitter:data1\" content=\"2 minutes\" \/>\n<script type=\"application\/ld+json\" class=\"yoast-schema-graph\">{\"@context\":\"https:\\\/\\\/schema.org\",\"@graph\":[{\"@type\":\"WebPage\",\"@id\":\"https:\\\/\\\/www.gruenenachfolge.ch\\\/fr\",\"url\":\"https:\\\/\\\/www.gruenenachfolge.ch\\\/fr\",\"name\":\"successeurVERT \u2013 Transmission pour la branche verte\",\"isPartOf\":{\"@id\":\"https:\\\/\\\/www.gruenenachfolge.ch\\\/fr#website\"},\"primaryImageOfPage\":{\"@id\":\"https:\\\/\\\/www.gruenenachfolge.ch\\\/fr#primaryimage\"},\"image\":{\"@id\":\"https:\\\/\\\/www.gruenenachfolge.ch\\\/fr#primaryimage\"},\"thumbnailUrl\":\"https:\\\/\\\/www.gruenenachfolge.ch\\\/wp-content\\\/uploads\\\/2025\\\/10\\\/logo-green.svg\",\"datePublished\":\"2025-12-04T17:14:12+00:00\",\"dateModified\":\"2026-01-08T10:52:57+00:00\",\"description\":\"Transmission d\u2019entreprise dans la branche verte. Plateforme d\u00e9di\u00e9e \u00e0 la succession. Horticulture, p\u00e9pini\u00e8res, centres de jardin.\",\"breadcrumb\":{\"@id\":\"https:\\\/\\\/www.gruenenachfolge.ch\\\/fr#breadcrumb\"},\"inLanguage\":\"fr-FR\",\"potentialAction\":[{\"@type\":\"ReadAction\",\"target\":[\"https:\\\/\\\/www.gruenenachfolge.ch\\\/fr\"]}]},{\"@type\":\"ImageObject\",\"inLanguage\":\"fr-FR\",\"@id\":\"https:\\\/\\\/www.gruenenachfolge.ch\\\/fr#primaryimage\",\"url\":\"https:\\\/\\\/www.gruenenachfolge.ch\\\/wp-content\\\/uploads\\\/2025\\\/10\\\/logo-green.svg\",\"contentUrl\":\"https:\\\/\\\/www.gruenenachfolge.ch\\\/wp-content\\\/uploads\\\/2025\\\/10\\\/logo-green.svg\"},{\"@type\":\"BreadcrumbList\",\"@id\":\"https:\\\/\\\/www.gruenenachfolge.ch\\\/fr#breadcrumb\",\"itemListElement\":[{\"@type\":\"ListItem\",\"position\":1,\"name\":\"Startseite\",\"item\":\"https:\\\/\\\/www.gruenenachfolge.ch\\\/fr\"},{\"@type\":\"ListItem\",\"position\":2,\"name\":\"Home\"}]},{\"@type\":\"WebSite\",\"@id\":\"https:\\\/\\\/www.gruenenachfolge.ch\\\/fr#website\",\"url\":\"https:\\\/\\\/www.gruenenachfolge.ch\\\/fr\",\"name\":\"GRUENEnachfolge.ch\",\"description\":\"\",\"potentialAction\":[{\"@type\":\"SearchAction\",\"target\":{\"@type\":\"EntryPoint\",\"urlTemplate\":\"https:\\\/\\\/www.gruenenachfolge.ch\\\/fr?s={search_term_string}\"},\"query-input\":{\"@type\":\"PropertyValueSpecification\",\"valueRequired\":true,\"valueName\":\"search_term_string\"}}],\"inLanguage\":\"fr-FR\"}]}<\/script>\n<!-- \/ Yoast SEO plugin. -->","yoast_head_json":{"title":"successeurVERT \u2013 Transmission pour la branche verte","description":"Transmission d\u2019entreprise dans la branche verte. Plateforme d\u00e9di\u00e9e \u00e0 la succession. Horticulture, p\u00e9pini\u00e8res, centres de jardin.","robots":{"index":"index","follow":"follow","max-snippet":"max-snippet:-1","max-image-preview":"max-image-preview:large","max-video-preview":"max-video-preview:-1"},"canonical":"https:\/\/www.gruenenachfolge.ch\/fr","og_locale":"fr_FR","og_type":"article","og_title":"successeurVERT \u2013 Transmission pour la branche verte","og_description":"Transmission d\u2019entreprise dans la branche verte. Plateforme d\u00e9di\u00e9e \u00e0 la succession. Horticulture, p\u00e9pini\u00e8res, centres de jardin.","og_url":"https:\/\/www.gruenenachfolge.ch\/fr","og_site_name":"GRUENEnachfolge.ch","article_modified_time":"2026-01-08T10:52:57+00:00","twitter_card":"summary_large_image","twitter_misc":{"Dur\u00e9e de lecture estim\u00e9e":"2 minutes"},"schema":{"@context":"https:\/\/schema.org","@graph":[{"@type":"WebPage","@id":"https:\/\/www.gruenenachfolge.ch\/fr","url":"https:\/\/www.gruenenachfolge.ch\/fr","name":"successeurVERT \u2013 Transmission pour la branche verte","isPartOf":{"@id":"https:\/\/www.gruenenachfolge.ch\/fr#website"},"primaryImageOfPage":{"@id":"https:\/\/www.gruenenachfolge.ch\/fr#primaryimage"},"image":{"@id":"https:\/\/www.gruenenachfolge.ch\/fr#primaryimage"},"thumbnailUrl":"https:\/\/www.gruenenachfolge.ch\/wp-content\/uploads\/2025\/10\/logo-green.svg","datePublished":"2025-12-04T17:14:12+00:00","dateModified":"2026-01-08T10:52:57+00:00","description":"Transmission d\u2019entreprise dans la branche verte. Plateforme d\u00e9di\u00e9e \u00e0 la succession. Horticulture, p\u00e9pini\u00e8res, centres de jardin.","breadcrumb":{"@id":"https:\/\/www.gruenenachfolge.ch\/fr#breadcrumb"},"inLanguage":"fr-FR","potentialAction":[{"@type":"ReadAction","target":["https:\/\/www.gruenenachfolge.ch\/fr"]}]},{"@type":"ImageObject","inLanguage":"fr-FR","@id":"https:\/\/www.gruenenachfolge.ch\/fr#primaryimage","url":"https:\/\/www.gruenenachfolge.ch\/wp-content\/uploads\/2025\/10\/logo-green.svg","contentUrl":"https:\/\/www.gruenenachfolge.ch\/wp-content\/uploads\/2025\/10\/logo-green.svg"},{"@type":"BreadcrumbList","@id":"https:\/\/www.gruenenachfolge.ch\/fr#breadcrumb","itemListElement":[{"@type":"ListItem","position":1,"name":"Startseite","item":"https:\/\/www.gruenenachfolge.ch\/fr"},{"@type":"ListItem","position":2,"name":"Home"}]},{"@type":"WebSite","@id":"https:\/\/www.gruenenachfolge.ch\/fr#website","url":"https:\/\/www.gruenenachfolge.ch\/fr","name":"GRUENEnachfolge.ch","description":"","potentialAction":[{"@type":"SearchAction","target":{"@type":"EntryPoint","urlTemplate":"https:\/\/www.gruenenachfolge.ch\/fr?s={search_term_string}"},"query-input":{"@type":"PropertyValueSpecification","valueRequired":true,"valueName":"search_term_string"}}],"inLanguage":"fr-FR"}]}},"_links":{"self":[{"href":"https:\/\/www.gruenenachfolge.ch\/fr\/wp-json\/wp\/v2\/pages\/1936","targetHints":{"allow":["GET"]}}],"collection":[{"href":"https:\/\/www.gruenenachfolge.ch\/fr\/wp-json\/wp\/v2\/pages"}],"about":[{"href":"https:\/\/www.gruenenachfolge.ch\/fr\/wp-json\/wp\/v2\/types\/page"}],"author":[{"embeddable":true,"href":"https:\/\/www.gruenenachfolge.ch\/fr\/wp-json\/wp\/v2\/users\/1"}],"replies":[{"embeddable":true,"href":"https:\/\/www.gruenenachfolge.ch\/fr\/wp-json\/wp\/v2\/comments?post=1936"}],"version-history":[{"count":50,"href":"https:\/\/www.gruenenachfolge.ch\/fr\/wp-json\/wp\/v2\/pages\/1936\/revisions"}],"predecessor-version":[{"id":2613,"href":"https:\/\/www.gruenenachfolge.ch\/fr\/wp-json\/wp\/v2\/pages\/1936\/revisions\/2613"}],"wp:attachment":[{"href":"https:\/\/www.gruenenachfolge.ch\/fr\/wp-json\/wp\/v2\/media?parent=1936"}],"curies":[{"name":"wp","href":"https:\/\/api.w.org\/{rel}","templated":true}]}}